{"id":44466,"date":"2018-11-16T16:49:12","date_gmt":"2018-11-16T15:49:12","guid":{"rendered":"https:\/\/websiterelaunch.smartpm.solutions\/?page_id=44466"},"modified":"2025-06-18T15:14:27","modified_gmt":"2025-06-18T13:14:27","slug":"elementor-44466","status":"publish","type":"page","link":"https:\/\/websiterelaunch.smartpm.solutions\/fr\/elementor-44466\/","title":{"rendered":"contact FR"},"content":{"rendered":"\t\t<div data-elementor-type=\"wp-post\" data-elementor-id=\"44466\" class=\"elementor elementor-44466 elementor-209\" data-elementor-post-type=\"page\">\n\t\t\t\t\t\t<section class=\"elementor-section elementor-top-section elementor-element elementor-element-409decdc elementor-section-boxed elementor-section-height-default elementor-section-height-default\" data-id=\"409decdc\" data-element_type=\"section\">\n\t\t\t\t\t\t<div class=\"elementor-container elementor-column-gap-default\">\n\t\t\t\t\t<div class=\"elementor-column elementor-col-100 elementor-top-column elementor-element elementor-element-218a5c98\" data-id=\"218a5c98\" data-element_type=\"column\">\n\t\t\t<div class=\"elementor-widget-wrap elementor-element-populated\">\n\t\t\t\t\t\t<div class=\"elementor-element elementor-element-40143c9 elementor--h-position-center elementor--v-position-middle elementor-arrows-position-inside elementor-pagination-position-inside elementor-widget elementor-widget-slides\" data-id=\"40143c9\" data-element_type=\"widget\" data-settings=\"{&quot;navigation&quot;:&quot;both&quot;,&quot;autoplay&quot;:&quot;yes&quot;,&quot;pause_on_hover&quot;:&quot;yes&quot;,&quot;pause_on_interaction&quot;:&quot;yes&quot;,&quot;autoplay_speed&quot;:5000,&quot;infinite&quot;:&quot;yes&quot;,&quot;transition&quot;:&quot;slide&quot;,&quot;transition_speed&quot;:500}\" data-widget_type=\"slides.default\">\n\t\t\t\t<div class=\"elementor-widget-container\">\n\t\t\t\t\t\t\t\t\t<div class=\"elementor-swiper\">\n\t\t\t\t\t<div class=\"elementor-slides-wrapper elementor-main-swiper swiper\" role=\"region\" aria-roledescription=\"carousel\" aria-label=\"Slider\" dir=\"ltr\" data-animation=\"\">\n\t\t\t\t<div class=\"swiper-wrapper elementor-slides\">\n\t\t\t\t\t\t\t\t\t\t<div class=\"elementor-repeater-item-15ef2fd swiper-slide\" role=\"group\" aria-roledescription=\"slide\"><div class=\"swiper-slide-bg\" role=\"img\" aria-label=\"businesswoman_pexels_1.2.2019.jpg\"><\/div><div class=\"swiper-slide-inner\" ><div class=\"swiper-slide-contents\"><div class=\"elementor-slide-heading\">Prenez contact avec nous !  <\/div><div class=\"elementor-slide-description\"><p>Contactez-nous et dites-nous comment nous pouvons vous aider<\/p>\n<\/div><\/div><\/div><\/div>\t\t\t\t<\/div>\n\t\t\t\t\t\t\t<\/div>\n\t\t\t\t<\/div>\n\t\t\t\t\t\t\t\t<\/div>\n\t\t\t\t<\/div>\n\t\t\t\t\t<\/div>\n\t\t<\/div>\n\t\t\t\t\t<\/div>\n\t\t<\/section>\n\t\t\t\t<section class=\"elementor-section elementor-top-section elementor-element elementor-element-6067d0d6 elementor-section-boxed elementor-section-height-default elementor-section-height-default\" data-id=\"6067d0d6\" data-element_type=\"section\">\n\t\t\t\t\t\t<div class=\"elementor-container elementor-column-gap-default\">\n\t\t\t\t\t<div class=\"elementor-column elementor-col-33 elementor-top-column elementor-element elementor-element-3a306411\" data-id=\"3a306411\" data-element_type=\"column\" data-settings=\"{&quot;background_background&quot;:&quot;classic&quot;}\">\n\t\t\t<div class=\"elementor-widget-wrap elementor-element-populated\">\n\t\t\t\t\t\t<div class=\"elementor-element elementor-element-36198ed contact-en elementor-widget elementor-widget-text-editor\" data-id=\"36198ed\" data-element_type=\"widget\" data-widget_type=\"text-editor.default\">\n\t\t\t\t<div class=\"elementor-widget-container\">\n\t\t\t\t\t\t\t\t\t<p><script charset=\"utf-8\" type=\"text\/javascript\" src=\"\/\/js.hsforms.net\/forms\/embed\/v2.js\"><\/script><br \/><script>\n\n  hbspt.forms.create({\n\n    portalId: \"6878175\",\n\n    formId: \"7050d3e1-e63e-4b6f-95d1-cd2d8e081f38\",\n\n    region: \"na1\"\n\n  });\n<\/script><\/p>\t\t\t\t\t\t\t\t<\/div>\n\t\t\t\t<\/div>\n\t\t\t\t\t<\/div>\n\t\t<\/div>\n\t\t\t\t<div class=\"elementor-column elementor-col-33 elementor-top-column elementor-element elementor-element-1936e9c\" data-id=\"1936e9c\" data-element_type=\"column\">\n\t\t\t<div class=\"elementor-widget-wrap\">\n\t\t\t\t\t\t\t<\/div>\n\t\t<\/div>\n\t\t\t\t<div class=\"elementor-column elementor-col-33 elementor-top-column elementor-element elementor-element-287bb219\" data-id=\"287bb219\" data-element_type=\"column\">\n\t\t\t<div class=\"elementor-widget-wrap elementor-element-populated\">\n\t\t\t\t\t\t<div class=\"elementor-element elementor-element-53b3398d elementor-widget elementor-widget-heading\" data-id=\"53b3398d\" data-element_type=\"widget\" data-widget_type=\"heading.default\">\n\t\t\t\t<div class=\"elementor-widget-container\">\n\t\t\t\t\t<h1 class=\"elementor-heading-title elementor-size-xl\">Contactez-nous<\/h1>\t\t\t\t<\/div>\n\t\t\t\t<\/div>\n\t\t\t\t<div class=\"elementor-element elementor-element-45fd63db elementor-widget elementor-widget-text-editor\" data-id=\"45fd63db\" data-element_type=\"widget\" data-widget_type=\"text-editor.default\">\n\t\t\t\t<div class=\"elementor-widget-container\">\n\t\t\t\t\t\t\t\t\t<p><span class=\"HwtZe\" lang=\"en\"> <span class=\"jCAhz ChMk0b\"><span class=\"ryNqvb\">Vous \u00eates particuli\u00e8rement int\u00e9ress\u00e9 par l&rsquo;une de nos solutions de gestion de la performance financi\u00e8re et souhaitez qu&rsquo;un expert vous en parle ?<\/span><\/span><strong><a href=\"https:\/\/smartpm.solutions\/request-live-demo\/#calendar\" target=\"_blank\" rel=\"noopener\"> <span class=\"jCAhz ChMk0b\"><span class=\"ryNqvb\">Cliquez ici &gt;&gt;<\/span><\/span><\/a><\/strong><\/span><\/p>\n<p><span class=\"HwtZe\" lang=\"en\"><span class=\"jCAhz ChMk0b\"><span class=\"ryNqvb\">Vous \u00eates d\u00e9j\u00e0 client et vous avez besoin d&rsquo;aide ?<\/span><\/span> <a href=\"https:\/\/smartpm.solutions\/support\/\" target=\"_blank\" rel=\"noopener\"><span class=\"jCAhz ChMk0b\"><span class=\"ryNqvb\"><strong>Cliquez ici &gt;&gt;<\/strong><\/span><\/span><\/a><\/span><\/p>\n<p><span class=\"HwtZe\" lang=\"en\"> <span class=\"jCAhz ChMk0b\"><span class=\"ryNqvb\">Dans tous les autres cas, merci de nous envoyer un message via notre formulaire de contact.<\/span><\/span> <span class=\"jCAhz ChMk0b\"><span class=\"ryNqvb\">Nous vous r\u00e9pondrons dans les plus brefs d\u00e9lais !<\/span><\/span><\/span><\/p>\n<p>Vous pouvez \u00e9galement nous contacter au +43 (1) 358 00 70 ou par e-mail \u00e0 l&rsquo;adresse suivante : <a href=\"mailto:info@smartpm.solutions\">info@smartpm.solutions<\/a><\/p>\t\t\t\t\t\t\t\t<\/div>\n\t\t\t\t<\/div>\n\t\t\t\t<div class=\"elementor-element elementor-element-6e02faf0 elementor-widget elementor-widget-google_maps\" data-id=\"6e02faf0\" data-element_type=\"widget\" data-widget_type=\"google_maps.default\">\n\t\t\t\t<div class=\"elementor-widget-container\">\n\t\t\t\t\t\t\t<div class=\"elementor-custom-embed\">\n\t\t\t<iframe loading=\"lazy\"\n\t\t\t\t\tsrc=\"https:\/\/maps.google.com\/maps?q=smartPM.solutions&#038;t=m&#038;z=10&#038;output=embed&#038;iwloc=near\"\n\t\t\t\t\ttitle=\"smartPM.solutions\"\n\t\t\t\t\taria-label=\"smartPM.solutions\"\n\t\t\t><\/iframe>\n\t\t<\/div>\n\t\t\t\t\t\t<\/div>\n\t\t\t\t<\/div>\n\t\t\t\t\t<\/div>\n\t\t<\/div>\n\t\t\t\t\t<\/div>\n\t\t<\/section>\n\t\t\t\t<\/div>\n\t\t","protected":false},"excerpt":{"rendered":"<p>Prenez contact avec nous ! Contactez-nous et dites-nous comment nous pouvons vous aider Contactez-nous Vous \u00eates particuli\u00e8rement int\u00e9ress\u00e9 par l&rsquo;une de nos solutions de gestion de la performance financi\u00e8re et souhaitez qu&rsquo;un expert vous en parle ? Cliquez ici &gt;&gt; Vous \u00eates d\u00e9j\u00e0 client et vous avez besoin d&rsquo;aide ? Cliquez ici &gt;&gt; Dans tous [&hellip;]<\/p>\n","protected":false},"author":26,"featured_media":0,"parent":0,"menu_order":0,"comment_status":"closed","ping_status":"closed","template":"","meta":{"content-type":"","site-sidebar-layout":"no-sidebar","site-content-layout":"page-builder","ast-site-content-layout":"default","site-content-style":"default","site-sidebar-style":"default","ast-global-header-display":"","ast-banner-title-visibility":"","ast-main-header-display":"","ast-hfb-above-header-display":"","ast-hfb-below-header-display":"","ast-hfb-mobile-header-display":"","site-post-title":"disabled","ast-breadcrumbs-content":"","ast-featured-img":"disabled","footer-sml-layout":"","theme-transparent-header-meta":"default","adv-header-id-meta":"","stick-header-meta":"","header-above-stick-meta":"","header-main-stick-meta":"","header-below-stick-meta":"","astra-migrate-meta-layouts":"set","ast-page-background-enabled":"default","ast-page-background-meta":{"desktop":{"background-color":"","background-image":"","background-repeat":"repeat","background-position":"center center","background-size":"auto","background-attachment":"scroll","background-type":"","background-media":"","overlay-type":"","overlay-color":"","overlay-opacity":"","overlay-gradient":""},"tablet":{"background-color":"","background-image":"","background-repeat":"repeat","background-position":"center center","background-size":"auto","background-attachment":"scroll","background-type":"","background-media":"","overlay-type":"","overlay-color":"","overlay-opacity":"","overlay-gradient":""},"mobile":{"background-color":"","background-image":"","background-repeat":"repeat","background-position":"center center","background-size":"auto","background-attachment":"scroll","background-type":"","background-media":"","overlay-type":"","overlay-color":"","overlay-opacity":"","overlay-gradient":""}},"ast-content-background-meta":{"desktop":{"background-color":"var(--ast-global-color-5)","background-image":"","background-repeat":"repeat","background-position":"center center","background-size":"auto","background-attachment":"scroll","background-type":"","background-media":"","overlay-type":"","overlay-color":"","overlay-opacity":"","overlay-gradient":""},"tablet":{"background-color":"var(--ast-global-color-5)","background-image":"","background-repeat":"repeat","background-position":"center center","background-size":"auto","background-attachment":"scroll","background-type":"","background-media":"","overlay-type":"","overlay-color":"","overlay-opacity":"","overlay-gradient":""},"mobile":{"background-color":"var(--ast-global-color-5)","background-image":"","background-repeat":"repeat","background-position":"center center","background-size":"auto","background-attachment":"scroll","background-type":"","background-media":"","overlay-type":"","overlay-color":"","overlay-opacity":"","overlay-gradient":""}},"footnotes":""},"class_list":["post-44466","page","type-page","status-publish","hentry"],"jetpack_sharing_enabled":true,"_links":{"self":[{"href":"https:\/\/websiterelaunch.smartpm.solutions\/fr\/wp-json\/wp\/v2\/pages\/44466","targetHints":{"allow":["GET"]}}],"collection":[{"href":"https:\/\/websiterelaunch.smartpm.solutions\/fr\/wp-json\/wp\/v2\/pages"}],"about":[{"href":"https:\/\/websiterelaunch.smartpm.solutions\/fr\/wp-json\/wp\/v2\/types\/page"}],"author":[{"embeddable":true,"href":"https:\/\/websiterelaunch.smartpm.solutions\/fr\/wp-json\/wp\/v2\/users\/26"}],"replies":[{"embeddable":true,"href":"https:\/\/websiterelaunch.smartpm.solutions\/fr\/wp-json\/wp\/v2\/comments?post=44466"}],"version-history":[{"count":14,"href":"https:\/\/websiterelaunch.smartpm.solutions\/fr\/wp-json\/wp\/v2\/pages\/44466\/revisions"}],"predecessor-version":[{"id":44559,"href":"https:\/\/websiterelaunch.smartpm.solutions\/fr\/wp-json\/wp\/v2\/pages\/44466\/revisions\/44559"}],"wp:attachment":[{"href":"https:\/\/websiterelaunch.smartpm.solutions\/fr\/wp-json\/wp\/v2\/media?parent=44466"}],"curies":[{"name":"wp","href":"https:\/\/api.w.org\/{rel}","templated":true}]}}