{"id":25607,"date":"2022-03-15T13:50:54","date_gmt":"2022-03-15T12:50:54","guid":{"rendered":"https:\/\/websiterelaunch.smartpm.solutions\/erfolgsrezepte-controlling\/"},"modified":"2025-11-06T17:09:02","modified_gmt":"2025-11-06T16:09:02","slug":"recipes-for-success-performance-management","status":"publish","type":"page","link":"https:\/\/websiterelaunch.smartpm.solutions\/de\/recipes-for-success-performance-management\/","title":{"rendered":"Recipes for success Performance Management"},"content":{"rendered":"\t\t<div data-elementor-type=\"wp-page\" data-elementor-id=\"25607\" class=\"elementor elementor-25607 elementor-17394\" data-elementor-post-type=\"page\">\n\t\t\t\t\t\t<section class=\"elementor-section elementor-top-section elementor-element elementor-element-45c6dcb elementor-section-boxed elementor-section-height-default elementor-section-height-default\" data-id=\"45c6dcb\" data-element_type=\"section\">\n\t\t\t\t\t\t<div class=\"elementor-container elementor-column-gap-default\">\n\t\t\t\t\t<div class=\"elementor-column elementor-col-100 elementor-top-column elementor-element elementor-element-104f6c8\" data-id=\"104f6c8\" data-element_type=\"column\">\n\t\t\t<div class=\"elementor-widget-wrap elementor-element-populated\">\n\t\t\t\t\t\t<div class=\"elementor-element elementor-element-1fc0bc3 elementor-widget elementor-widget-heading\" data-id=\"1fc0bc3\" data-element_type=\"widget\" data-widget_type=\"heading.default\">\n\t\t\t\t<div class=\"elementor-widget-container\">\n\t\t\t\t\t<h1 class=\"elementor-heading-title elementor-size-default\">smarte Erfolgsrezepte von Controllern f\u00fcr Controller<br>in der K\u00fcche und der Unternehmenssteuerung<\/h1>\t\t\t\t<\/div>\n\t\t\t\t<\/div>\n\t\t\t\t\t<\/div>\n\t\t<\/div>\n\t\t\t\t\t<\/div>\n\t\t<\/section>\n\t\t\t\t<section class=\"elementor-section elementor-top-section elementor-element elementor-element-71add69 elementor-section-boxed elementor-section-height-default elementor-section-height-default\" data-id=\"71add69\" data-element_type=\"section\">\n\t\t\t\t\t\t<div class=\"elementor-container elementor-column-gap-default\">\n\t\t\t\t\t<div class=\"elementor-column elementor-col-100 elementor-top-column elementor-element elementor-element-da5582e\" data-id=\"da5582e\" data-element_type=\"column\">\n\t\t\t<div class=\"elementor-widget-wrap elementor-element-populated\">\n\t\t\t\t\t\t<div class=\"elementor-element elementor-element-163c2bd elementor-widget elementor-widget-text-editor\" data-id=\"163c2bd\" data-element_type=\"widget\" data-widget_type=\"text-editor.default\">\n\t\t\t\t<div class=\"elementor-widget-container\">\n\t\t\t\t\t\t\t\t\t<p>Nach kurzer Zeit war unsere 1.Auflage der smarten Erfolgsrezepte vergriffen. Deshalb gibt es jetzt eine \u00fcberarbeitete<b> 2. Auflage <\/b>mit bew\u00e4hrten neuen Rezepten. Viel Freude beim Nachkochen w\u00fcnscht das ganze smartPM Team!<\/p>\t\t\t\t\t\t\t\t<\/div>\n\t\t\t\t<\/div>\n\t\t\t\t\t<\/div>\n\t\t<\/div>\n\t\t\t\t\t<\/div>\n\t\t<\/section>\n\t\t\t\t<section class=\"elementor-section elementor-top-section elementor-element elementor-element-2a9cb6a elementor-section-boxed elementor-section-height-default elementor-section-height-default\" data-id=\"2a9cb6a\" data-element_type=\"section\">\n\t\t\t\t\t\t<div class=\"elementor-container elementor-column-gap-default\">\n\t\t\t\t\t<div class=\"elementor-column elementor-col-100 elementor-top-column elementor-element elementor-element-a4e2204\" data-id=\"a4e2204\" data-element_type=\"column\">\n\t\t\t<div class=\"elementor-widget-wrap elementor-element-populated\">\n\t\t\t\t\t\t<div class=\"elementor-element elementor-element-2903797 elementor-widget elementor-widget-html\" data-id=\"2903797\" data-element_type=\"widget\" data-widget_type=\"html.default\">\n\t\t\t\t<div class=\"elementor-widget-container\">\n\t\t\t\t\t<iframe src=\"https:\/\/smartpm.solutions\/wp-content\/uploads\/2022\/12\/2.-Auflage-1.pdf\" \n        width=\"100%\" \n        height=\"1185px\" \n        style=\"border:1px solid #ccc;\">\n<\/iframe>\t\t\t\t<\/div>\n\t\t\t\t<\/div>\n\t\t\t\t\t<\/div>\n\t\t<\/div>\n\t\t\t\t\t<\/div>\n\t\t<\/section>\n\t\t\t\t<section class=\"elementor-section elementor-top-section elementor-element elementor-element-37692ab elementor-section-boxed elementor-section-height-default elementor-section-height-default\" data-id=\"37692ab\" data-element_type=\"section\">\n\t\t\t\t\t\t<div class=\"elementor-container elementor-column-gap-default\">\n\t\t\t\t\t<div class=\"elementor-column elementor-col-100 elementor-top-column elementor-element elementor-element-490bc4d\" data-id=\"490bc4d\" data-element_type=\"column\">\n\t\t\t<div class=\"elementor-widget-wrap\">\n\t\t\t\t\t\t\t<\/div>\n\t\t<\/div>\n\t\t\t\t\t<\/div>\n\t\t<\/section>\n\t\t\t\t<section class=\"elementor-section elementor-top-section elementor-element elementor-element-cbfc081 elementor-section-boxed elementor-section-height-default elementor-section-height-default\" data-id=\"cbfc081\" data-element_type=\"section\">\n\t\t\t\t\t\t<div class=\"elementor-container elementor-column-gap-default\">\n\t\t\t\t\t<div class=\"elementor-column elementor-col-100 elementor-top-column elementor-element elementor-element-0d50ecd\" data-id=\"0d50ecd\" data-element_type=\"column\">\n\t\t\t<div class=\"elementor-widget-wrap elementor-element-populated\">\n\t\t\t\t\t\t<div class=\"elementor-element elementor-element-d42c5ff elementor-widget-divider--view-line elementor-widget elementor-widget-divider\" data-id=\"d42c5ff\" data-element_type=\"widget\" data-widget_type=\"divider.default\">\n\t\t\t\t<div class=\"elementor-widget-container\">\n\t\t\t\t\t\t\t<div class=\"elementor-divider\">\n\t\t\t<span class=\"elementor-divider-separator\">\n\t\t\t\t\t\t<\/span>\n\t\t<\/div>\n\t\t\t\t\t\t<\/div>\n\t\t\t\t<\/div>\n\t\t\t\t\t<\/div>\n\t\t<\/div>\n\t\t\t\t\t<\/div>\n\t\t<\/section>\n\t\t\t\t<section class=\"elementor-section elementor-top-section elementor-element elementor-element-bbe203b elementor-section-boxed elementor-section-height-default elementor-section-height-default\" data-id=\"bbe203b\" data-element_type=\"section\">\n\t\t\t\t\t\t<div class=\"elementor-container elementor-column-gap-default\">\n\t\t\t\t\t<div class=\"elementor-column elementor-col-100 elementor-top-column elementor-element elementor-element-a4b62d5\" data-id=\"a4b62d5\" data-element_type=\"column\">\n\t\t\t<div class=\"elementor-widget-wrap elementor-element-populated\">\n\t\t\t\t\t\t<div class=\"elementor-element elementor-element-dff49b5 elementor-widget elementor-widget-text-editor\" data-id=\"dff49b5\" data-element_type=\"widget\" data-widget_type=\"text-editor.default\">\n\t\t\t\t<div class=\"elementor-widget-container\">\n\t\t\t\t\t\t\t\t\t<p>Das hier ist die <b>Erstauflage der smarten Erfolgsrezepte <\/b>f\u00fcr Genie\u00dfer. Guten Appetit w\u00fcnscht das ganze smartPM Team!\u00a0<\/p>\t\t\t\t\t\t\t\t<\/div>\n\t\t\t\t<\/div>\n\t\t\t\t<div class=\"elementor-element elementor-element-834bd60 elementor-widget elementor-widget-html\" data-id=\"834bd60\" data-element_type=\"widget\" data-widget_type=\"html.default\">\n\t\t\t\t<div class=\"elementor-widget-container\">\n\t\t\t\t\t<embed src=\"https:\/\/smartpm.solutions\/wp-content\/uploads\/2022\/01\/smartPM-Kochbuch.pdf\" \n       type=\"application\/pdf\" \n       width=\"100%\" \n       height=\"1190\" \/>\t\t\t\t<\/div>\n\t\t\t\t<\/div>\n\t\t\t\t\t<\/div>\n\t\t<\/div>\n\t\t\t\t\t<\/div>\n\t\t<\/section>\n\t\t\t\t<section class=\"elementor-section elementor-top-section elementor-element elementor-element-d2de894 elementor-section-boxed elementor-section-height-default elementor-section-height-default\" data-id=\"d2de894\" data-element_type=\"section\">\n\t\t\t\t\t\t<div class=\"elementor-container elementor-column-gap-default\">\n\t\t\t\t\t<div class=\"elementor-column elementor-col-100 elementor-top-column elementor-element elementor-element-5c711cc\" data-id=\"5c711cc\" data-element_type=\"column\">\n\t\t\t<div class=\"elementor-widget-wrap\">\n\t\t\t\t\t\t\t<\/div>\n\t\t<\/div>\n\t\t\t\t\t<\/div>\n\t\t<\/section>\n\t\t\t\t<section class=\"elementor-section elementor-top-section elementor-element elementor-element-03d07de elementor-section-boxed elementor-section-height-default elementor-section-height-default\" data-id=\"03d07de\" data-element_type=\"section\">\n\t\t\t\t\t\t<div class=\"elementor-container elementor-column-gap-default\">\n\t\t\t\t\t<div class=\"elementor-column elementor-col-100 elementor-top-column elementor-element elementor-element-15cfbcf\" data-id=\"15cfbcf\" data-element_type=\"column\">\n\t\t\t<div class=\"elementor-widget-wrap elementor-element-populated\">\n\t\t\t\t\t\t<div class=\"elementor-element elementor-element-e2e4b7e elementor-widget elementor-widget-text-editor\" data-id=\"e2e4b7e\" data-element_type=\"widget\" data-widget_type=\"text-editor.default\">\n\t\t\t\t<div class=\"elementor-widget-container\">\n\t\t\t\t\t\t\t\t\t<p><strong>Mehr zu unseren smarten Erfolgsrezepten verraten wir Ihnen in einem Expertengespr\u00e4ch. W\u00e4hlen Sie einfach den passenden <a href=\"https:\/\/websiterelaunch.smartpm.solutions\/de\/home\/consulting\/request-live-demo\/#calendar\" target=\"_blank\" rel=\"noopener\">Termin f\u00fcr einen Fachaustausch in unserem Online-Kalender<\/a>. <\/strong><\/p><p><strong>Wir freuen uns auf Sie, <br \/><\/strong><\/p><p><strong>Ihr<i> smartPM.solutions Team<\/i><\/strong><\/p><p>\u00a0<\/p><p><em>P.S. Sollten Sie die Erfolgsrezepte noch nicht haben, z\u00f6gern Sie nicht uns unter\u00a0<a href=\"mailto:info@smartpm.solutions\" target=\"_blank\" rel=\"noopener\">info@smartpm.solutions<\/a>\u00a0zu kontaktieren. Wir schicken Ihnen gerne ein Exemplar zu.<\/em><\/p>\t\t\t\t\t\t\t\t<\/div>\n\t\t\t\t<\/div>\n\t\t\t\t\t<\/div>\n\t\t<\/div>\n\t\t\t\t\t<\/div>\n\t\t<\/section>\n\t\t\t\t<\/div>\n\t\t","protected":false},"excerpt":{"rendered":"<p>smarte Erfolgsrezepte von Controllern f\u00fcr Controllerin der K\u00fcche und der Unternehmenssteuerung Nach kurzer Zeit war unsere 1.Auflage der smarten Erfolgsrezepte vergriffen. Deshalb gibt es jetzt eine \u00fcberarbeitete 2. Auflage mit bew\u00e4hrten neuen Rezepten. Viel Freude beim Nachkochen w\u00fcnscht das ganze smartPM Team! Das hier ist die Erstauflage der smarten Erfolgsrezepte f\u00fcr Genie\u00dfer. Guten Appetit w\u00fcnscht [&hellip;]<\/p>\n","protected":false},"author":2,"featured_media":22410,"parent":0,"menu_order":0,"comment_status":"closed","ping_status":"closed","template":"","meta":{"content-type":"","site-sidebar-layout":"no-sidebar","site-content-layout":"page-builder","ast-site-content-layout":"default","site-content-style":"default","site-sidebar-style":"default","ast-global-header-display":"","ast-banner-title-visibility":"","ast-main-header-display":"","ast-hfb-above-header-display":"","ast-hfb-below-header-display":"","ast-hfb-mobile-header-display":"","site-post-title":"disabled","ast-breadcrumbs-content":"","ast-featured-img":"disabled","footer-sml-layout":"","theme-transparent-header-meta":"","adv-header-id-meta":"","stick-header-meta":"","header-above-stick-meta":"","header-main-stick-meta":"","header-below-stick-meta":"","astra-migrate-meta-layouts":"default","ast-page-background-enabled":"default","ast-page-background-meta":{"desktop":{"background-color":"","background-image":"","background-repeat":"repeat","background-position":"center center","background-size":"auto","background-attachment":"scroll","background-type":"","background-media":"","overlay-type":"","overlay-color":"","overlay-opacity":"","overlay-gradient":""},"tablet":{"background-color":"","background-image":"","background-repeat":"repeat","background-position":"center center","background-size":"auto","background-attachment":"scroll","background-type":"","background-media":"","overlay-type":"","overlay-color":"","overlay-opacity":"","overlay-gradient":""},"mobile":{"background-color":"","background-image":"","background-repeat":"repeat","background-position":"center center","background-size":"auto","background-attachment":"scroll","background-type":"","background-media":"","overlay-type":"","overlay-color":"","overlay-opacity":"","overlay-gradient":""}},"ast-content-background-meta":{"desktop":{"background-color":"var(--ast-global-color-5)","background-image":"","background-repeat":"repeat","background-position":"center center","background-size":"auto","background-attachment":"scroll","background-type":"","background-media":"","overlay-type":"","overlay-color":"","overlay-opacity":"","overlay-gradient":""},"tablet":{"background-color":"var(--ast-global-color-5)","background-image":"","background-repeat":"repeat","background-position":"center center","background-size":"auto","background-attachment":"scroll","background-type":"","background-media":"","overlay-type":"","overlay-color":"","overlay-opacity":"","overlay-gradient":""},"mobile":{"background-color":"var(--ast-global-color-5)","background-image":"","background-repeat":"repeat","background-position":"center center","background-size":"auto","background-attachment":"scroll","background-type":"","background-media":"","overlay-type":"","overlay-color":"","overlay-opacity":"","overlay-gradient":""}},"footnotes":""},"class_list":["post-25607","page","type-page","status-publish","has-post-thumbnail","hentry"],"jetpack_sharing_enabled":true,"_links":{"self":[{"href":"https:\/\/websiterelaunch.smartpm.solutions\/de\/wp-json\/wp\/v2\/pages\/25607","targetHints":{"allow":["GET"]}}],"collection":[{"href":"https:\/\/websiterelaunch.smartpm.solutions\/de\/wp-json\/wp\/v2\/pages"}],"about":[{"href":"https:\/\/websiterelaunch.smartpm.solutions\/de\/wp-json\/wp\/v2\/types\/page"}],"author":[{"embeddable":true,"href":"https:\/\/websiterelaunch.smartpm.solutions\/de\/wp-json\/wp\/v2\/users\/2"}],"replies":[{"embeddable":true,"href":"https:\/\/websiterelaunch.smartpm.solutions\/de\/wp-json\/wp\/v2\/comments?post=25607"}],"version-history":[{"count":13,"href":"https:\/\/websiterelaunch.smartpm.solutions\/de\/wp-json\/wp\/v2\/pages\/25607\/revisions"}],"predecessor-version":[{"id":48065,"href":"https:\/\/websiterelaunch.smartpm.solutions\/de\/wp-json\/wp\/v2\/pages\/25607\/revisions\/48065"}],"wp:featuredmedia":[{"embeddable":true,"href":"https:\/\/websiterelaunch.smartpm.solutions\/de\/wp-json\/wp\/v2\/media\/22410"}],"wp:attachment":[{"href":"https:\/\/websiterelaunch.smartpm.solutions\/de\/wp-json\/wp\/v2\/media?parent=25607"}],"curies":[{"name":"wp","href":"https:\/\/api.w.org\/{rel}","templated":true}]}}