{"id":24464,"date":"2022-11-07T14:14:51","date_gmt":"2022-11-07T13:14:51","guid":{"rendered":"https:\/\/websiterelaunch.smartpm.solutions\/?page_id=24464"},"modified":"2023-01-12T09:15:49","modified_gmt":"2023-01-12T08:15:49","slug":"zertifizierungen","status":"publish","type":"page","link":"https:\/\/websiterelaunch.smartpm.solutions\/de\/zertifizierungen\/","title":{"rendered":"Zertifizierungen"},"content":{"rendered":"\t\t<div data-elementor-type=\"wp-page\" data-elementor-id=\"24464\" class=\"elementor elementor-24464\" data-elementor-post-type=\"page\">\n\t\t\t\t\t\t<section class=\"elementor-section elementor-top-section elementor-element elementor-element-12b06ab elementor-section-boxed elementor-section-height-default elementor-section-height-default\" data-id=\"12b06ab\" data-element_type=\"section\">\n\t\t\t\t\t\t<div class=\"elementor-container elementor-column-gap-default\">\n\t\t\t\t\t<div class=\"elementor-column elementor-col-50 elementor-top-column elementor-element elementor-element-532c4e5\" data-id=\"532c4e5\" data-element_type=\"column\">\n\t\t\t<div class=\"elementor-widget-wrap elementor-element-populated\">\n\t\t\t\t\t\t<div class=\"elementor-element elementor-element-872e6ad elementor-widget elementor-widget-image\" data-id=\"872e6ad\" data-element_type=\"widget\" data-widget_type=\"image.default\">\n\t\t\t\t<div class=\"elementor-widget-container\">\n\t\t\t\t\t\t\t\t\t\t\t\t\t\t\t<img fetchpriority=\"high\" decoding=\"async\" width=\"768\" height=\"432\" src=\"https:\/\/websiterelaunch.smartpm.solutions\/wp-content\/uploads\/2023\/01\/Datensicherheit-SOC1-768x432.png\" class=\"attachment-medium_large size-medium_large wp-image-30510\" alt=\"\" srcset=\"https:\/\/websiterelaunch.smartpm.solutions\/wp-content\/uploads\/2023\/01\/Datensicherheit-SOC1-768x432.png 768w, https:\/\/websiterelaunch.smartpm.solutions\/wp-content\/uploads\/2023\/01\/Datensicherheit-SOC1-600x338.png 600w, https:\/\/websiterelaunch.smartpm.solutions\/wp-content\/uploads\/2023\/01\/Datensicherheit-SOC1-300x169.png 300w, https:\/\/websiterelaunch.smartpm.solutions\/wp-content\/uploads\/2023\/01\/Datensicherheit-SOC1-1024x576.png 1024w, https:\/\/websiterelaunch.smartpm.solutions\/wp-content\/uploads\/2023\/01\/Datensicherheit-SOC1.png 1440w\" sizes=\"(max-width: 768px) 100vw, 768px\" \/>\t\t\t\t\t\t\t\t\t\t\t\t\t\t\t<\/div>\n\t\t\t\t<\/div>\n\t\t\t\t\t<\/div>\n\t\t<\/div>\n\t\t\t\t<div class=\"elementor-column elementor-col-50 elementor-top-column elementor-element elementor-element-6362ba6\" data-id=\"6362ba6\" data-element_type=\"column\">\n\t\t\t<div class=\"elementor-widget-wrap elementor-element-populated\">\n\t\t\t\t\t\t<div class=\"elementor-element elementor-element-2d92125 elementor-widget elementor-widget-heading\" data-id=\"2d92125\" data-element_type=\"widget\" data-widget_type=\"heading.default\">\n\t\t\t\t<div class=\"elementor-widget-container\">\n\t\t\t\t\t<h1 class=\"elementor-heading-title elementor-size-default\">smartPM Datensicherheit &amp; Compliance<\/h1>\t\t\t\t<\/div>\n\t\t\t\t<\/div>\n\t\t\t\t<div class=\"elementor-element elementor-element-84a0e8e elementor-widget-divider--view-line elementor-widget elementor-widget-divider\" data-id=\"84a0e8e\" data-element_type=\"widget\" data-widget_type=\"divider.default\">\n\t\t\t\t<div class=\"elementor-widget-container\">\n\t\t\t\t\t\t\t<div class=\"elementor-divider\">\n\t\t\t<span class=\"elementor-divider-separator\">\n\t\t\t\t\t\t<\/span>\n\t\t<\/div>\n\t\t\t\t\t\t<\/div>\n\t\t\t\t<\/div>\n\t\t\t\t<div class=\"elementor-element elementor-element-26d3fc3 elementor-widget elementor-widget-text-editor\" data-id=\"26d3fc3\" data-element_type=\"widget\" data-widget_type=\"text-editor.default\">\n\t\t\t\t<div class=\"elementor-widget-container\">\n\t\t\t\t\t\t\t\t\t<p>Bei smartPM verpflichten wir uns zu einem <b>H\u00f6chstma\u00df an Transparenz, Vertrauen und Einhaltung gesetzlicher Vorschriften<\/b>. Wir widmen der Informationssicherheit und Corporate Governance auf allen Ebenen der Organisation besondere Aufmerksamkeit.\u00a0<\/p>\t\t\t\t\t\t\t\t<\/div>\n\t\t\t\t<\/div>\n\t\t\t\t\t<\/div>\n\t\t<\/div>\n\t\t\t\t\t<\/div>\n\t\t<\/section>\n\t\t\t\t<section class=\"elementor-section elementor-top-section elementor-element elementor-element-ab2bbc9 elementor-section-boxed elementor-section-height-default elementor-section-height-default\" data-id=\"ab2bbc9\" data-element_type=\"section\">\n\t\t\t\t\t\t<div class=\"elementor-container elementor-column-gap-default\">\n\t\t\t\t\t<div class=\"elementor-column elementor-col-100 elementor-top-column elementor-element elementor-element-19b47a2\" data-id=\"19b47a2\" data-element_type=\"column\">\n\t\t\t<div class=\"elementor-widget-wrap elementor-element-populated\">\n\t\t\t\t\t\t<div class=\"elementor-element elementor-element-f0119d5 elementor-widget elementor-widget-spacer\" data-id=\"f0119d5\" data-element_type=\"widget\" data-widget_type=\"spacer.default\">\n\t\t\t\t<div class=\"elementor-widget-container\">\n\t\t\t\t\t\t\t<div class=\"elementor-spacer\">\n\t\t\t<div class=\"elementor-spacer-inner\"><\/div>\n\t\t<\/div>\n\t\t\t\t\t\t<\/div>\n\t\t\t\t<\/div>\n\t\t\t\t<div class=\"elementor-element elementor-element-6647427 elementor-widget-divider--view-line elementor-widget elementor-widget-divider\" data-id=\"6647427\" data-element_type=\"widget\" data-widget_type=\"divider.default\">\n\t\t\t\t<div class=\"elementor-widget-container\">\n\t\t\t\t\t\t\t<div class=\"elementor-divider\">\n\t\t\t<span class=\"elementor-divider-separator\">\n\t\t\t\t\t\t<\/span>\n\t\t<\/div>\n\t\t\t\t\t\t<\/div>\n\t\t\t\t<\/div>\n\t\t\t\t\t<\/div>\n\t\t<\/div>\n\t\t\t\t\t<\/div>\n\t\t<\/section>\n\t\t\t\t<section class=\"elementor-section elementor-top-section elementor-element elementor-element-ed3b796 elementor-section-boxed elementor-section-height-default elementor-section-height-default\" data-id=\"ed3b796\" data-element_type=\"section\">\n\t\t\t\t\t\t<div class=\"elementor-container elementor-column-gap-default\">\n\t\t\t\t\t<div class=\"elementor-column elementor-col-50 elementor-top-column elementor-element elementor-element-b8bd5fe\" data-id=\"b8bd5fe\" data-element_type=\"column\">\n\t\t\t<div class=\"elementor-widget-wrap elementor-element-populated\">\n\t\t\t\t\t\t<div class=\"elementor-element elementor-element-c02dcac elementor-widget elementor-widget-image\" data-id=\"c02dcac\" data-element_type=\"widget\" data-widget_type=\"image.default\">\n\t\t\t\t<div class=\"elementor-widget-container\">\n\t\t\t\t\t\t\t\t\t\t\t\t\t\t\t<img decoding=\"async\" width=\"299\" height=\"168\" src=\"https:\/\/websiterelaunch.smartpm.solutions\/wp-content\/uploads\/2022\/11\/socforserviceorganizationslogosos.jpg\" class=\"attachment-large size-large wp-image-24471\" alt=\"\" \/>\t\t\t\t\t\t\t\t\t\t\t\t\t\t\t<\/div>\n\t\t\t\t<\/div>\n\t\t\t\t\t<\/div>\n\t\t<\/div>\n\t\t\t\t<div class=\"elementor-column elementor-col-50 elementor-top-column elementor-element elementor-element-7ea07c4\" data-id=\"7ea07c4\" data-element_type=\"column\">\n\t\t\t<div class=\"elementor-widget-wrap elementor-element-populated\">\n\t\t\t\t\t\t<div class=\"elementor-element elementor-element-929d85d elementor-widget elementor-widget-heading\" data-id=\"929d85d\" data-element_type=\"widget\" data-widget_type=\"heading.default\">\n\t\t\t\t<div class=\"elementor-widget-container\">\n\t\t\t\t\t<h2 class=\"elementor-heading-title elementor-size-default\">SOC 1 Zertifikat<\/h2>\t\t\t\t<\/div>\n\t\t\t\t<\/div>\n\t\t\t\t<div class=\"elementor-element elementor-element-3ad342e elementor-widget elementor-widget-text-editor\" data-id=\"3ad342e\" data-element_type=\"widget\" data-widget_type=\"text-editor.default\">\n\t\t\t\t<div class=\"elementor-widget-container\">\n\t\t\t\t\t\t\t\t\t<p>smartPM.solutions ist SOC 1 zertifiziert. Diese Zertifizierung legt die internen Kontrollmechanismen bei&nbsp; Dienstleistungsorganisationen schriftlich fest, f\u00fcr eine \u00dcberpr\u00fcfung der Finanzberichterstattung von Kunden relevant sind. Die Pr\u00fcfung wird gem\u00e4\u00df Berufsrichtlinie IWP\/PE15, herausgegeben von<br>dem Austrian Institute of Certified Auditors (IWP) und ISAE 3402 (\u201eVersicherungsberichte \u00fcber Kontrollen bei einer Serviceorganisation\u201c) abgelegt.<\/p>\t\t\t\t\t\t\t\t<\/div>\n\t\t\t\t<\/div>\n\t\t\t\t\t<\/div>\n\t\t<\/div>\n\t\t\t\t\t<\/div>\n\t\t<\/section>\n\t\t\t\t<\/div>\n\t\t","protected":false},"excerpt":{"rendered":"<p>smartPM Datensicherheit &amp; Compliance Bei smartPM verpflichten wir uns zu einem H\u00f6chstma\u00df an Transparenz, Vertrauen und Einhaltung gesetzlicher Vorschriften. Wir widmen der Informationssicherheit und Corporate Governance auf allen Ebenen der Organisation besondere Aufmerksamkeit.\u00a0 SOC 1 Zertifikat smartPM.solutions ist SOC 1 zertifiziert. Diese Zertifizierung legt die internen Kontrollmechanismen bei&nbsp; Dienstleistungsorganisationen schriftlich fest, f\u00fcr eine \u00dcberpr\u00fcfung der [&hellip;]<\/p>\n","protected":false},"author":20,"featured_media":30510,"parent":0,"menu_order":0,"comment_status":"closed","ping_status":"closed","template":"","meta":{"content-type":"","site-sidebar-layout":"no-sidebar","site-content-layout":"page-builder","ast-site-content-layout":"default","site-content-style":"default","site-sidebar-style":"default","ast-global-header-display":"","ast-banner-title-visibility":"","ast-main-header-display":"","ast-hfb-above-header-display":"","ast-hfb-below-header-display":"","ast-hfb-mobile-header-display":"","site-post-title":"disabled","ast-breadcrumbs-content":"","ast-featured-img":"disabled","footer-sml-layout":"","theme-transparent-header-meta":"","adv-header-id-meta":"","stick-header-meta":"","header-above-stick-meta":"","header-main-stick-meta":"","header-below-stick-meta":"","astra-migrate-meta-layouts":"default","ast-page-background-enabled":"default","ast-page-background-meta":{"desktop":{"background-color":"","background-image":"","background-repeat":"repeat","background-position":"center center","background-size":"auto","background-attachment":"scroll","background-type":"","background-media":"","overlay-type":"","overlay-color":"","overlay-opacity":"","overlay-gradient":""},"tablet":{"background-color":"","background-image":"","background-repeat":"repeat","background-position":"center center","background-size":"auto","background-attachment":"scroll","background-type":"","background-media":"","overlay-type":"","overlay-color":"","overlay-opacity":"","overlay-gradient":""},"mobile":{"background-color":"","background-image":"","background-repeat":"repeat","background-position":"center center","background-size":"auto","background-attachment":"scroll","background-type":"","background-media":"","overlay-type":"","overlay-color":"","overlay-opacity":"","overlay-gradient":""}},"ast-content-background-meta":{"desktop":{"background-color":"var(--ast-global-color-5)","background-image":"","background-repeat":"repeat","background-position":"center center","background-size":"auto","background-attachment":"scroll","background-type":"","background-media":"","overlay-type":"","overlay-color":"","overlay-opacity":"","overlay-gradient":""},"tablet":{"background-color":"var(--ast-global-color-5)","background-image":"","background-repeat":"repeat","background-position":"center center","background-size":"auto","background-attachment":"scroll","background-type":"","background-media":"","overlay-type":"","overlay-color":"","overlay-opacity":"","overlay-gradient":""},"mobile":{"background-color":"var(--ast-global-color-5)","background-image":"","background-repeat":"repeat","background-position":"center center","background-size":"auto","background-attachment":"scroll","background-type":"","background-media":"","overlay-type":"","overlay-color":"","overlay-opacity":"","overlay-gradient":""}},"footnotes":""},"class_list":["post-24464","page","type-page","status-publish","has-post-thumbnail","hentry"],"jetpack_sharing_enabled":true,"_links":{"self":[{"href":"https:\/\/websiterelaunch.smartpm.solutions\/de\/wp-json\/wp\/v2\/pages\/24464","targetHints":{"allow":["GET"]}}],"collection":[{"href":"https:\/\/websiterelaunch.smartpm.solutions\/de\/wp-json\/wp\/v2\/pages"}],"about":[{"href":"https:\/\/websiterelaunch.smartpm.solutions\/de\/wp-json\/wp\/v2\/types\/page"}],"author":[{"embeddable":true,"href":"https:\/\/websiterelaunch.smartpm.solutions\/de\/wp-json\/wp\/v2\/users\/20"}],"replies":[{"embeddable":true,"href":"https:\/\/websiterelaunch.smartpm.solutions\/de\/wp-json\/wp\/v2\/comments?post=24464"}],"version-history":[{"count":3,"href":"https:\/\/websiterelaunch.smartpm.solutions\/de\/wp-json\/wp\/v2\/pages\/24464\/revisions"}],"predecessor-version":[{"id":31801,"href":"https:\/\/websiterelaunch.smartpm.solutions\/de\/wp-json\/wp\/v2\/pages\/24464\/revisions\/31801"}],"wp:featuredmedia":[{"embeddable":true,"href":"https:\/\/websiterelaunch.smartpm.solutions\/de\/wp-json\/wp\/v2\/media\/30510"}],"wp:attachment":[{"href":"https:\/\/websiterelaunch.smartpm.solutions\/de\/wp-json\/wp\/v2\/media?parent=24464"}],"curies":[{"name":"wp","href":"https:\/\/api.w.org\/{rel}","templated":true}]}}