{"id":23132,"date":"2018-11-19T16:38:23","date_gmt":"2018-11-19T15:38:23","guid":{"rendered":"https:\/\/websiterelaunch.smartpm.solutions\/home\/ueber-uns\/nutzungsbedingungen\/"},"modified":"2023-01-16T14:33:30","modified_gmt":"2023-01-16T13:33:30","slug":"nutzungsbedingungen","status":"publish","type":"page","link":"https:\/\/websiterelaunch.smartpm.solutions\/de\/nutzungsbedingungen\/","title":{"rendered":"Nutzungsbedingungen"},"content":{"rendered":"\t\t<div data-elementor-type=\"wp-post\" data-elementor-id=\"23132\" class=\"elementor elementor-23132 elementor-326\" data-elementor-post-type=\"page\">\n\t\t\t\t\t\t<section class=\"elementor-section elementor-top-section elementor-element elementor-element-1ba3886 elementor-section-boxed elementor-section-height-default elementor-section-height-default\" data-id=\"1ba3886\" data-element_type=\"section\">\n\t\t\t\t\t\t<div class=\"elementor-container elementor-column-gap-default\">\n\t\t\t\t\t<div class=\"elementor-column elementor-col-100 elementor-top-column elementor-element elementor-element-629c11c\" data-id=\"629c11c\" data-element_type=\"column\">\n\t\t\t<div class=\"elementor-widget-wrap elementor-element-populated\">\n\t\t\t\t\t\t<div class=\"elementor-element elementor-element-9cdb6bd elementor-widget elementor-widget-heading\" data-id=\"9cdb6bd\" data-element_type=\"widget\" data-widget_type=\"heading.default\">\n\t\t\t\t<div class=\"elementor-widget-container\">\n\t\t\t\t\t<h1 class=\"elementor-heading-title elementor-size-xl\">Nutzungsbedingungen<\/h1>\t\t\t\t<\/div>\n\t\t\t\t<\/div>\n\t\t\t\t\t<\/div>\n\t\t<\/div>\n\t\t\t\t\t<\/div>\n\t\t<\/section>\n\t\t\t\t<section class=\"elementor-section elementor-top-section elementor-element elementor-element-1ec2735 elementor-section-boxed elementor-section-height-default elementor-section-height-default\" data-id=\"1ec2735\" data-element_type=\"section\">\n\t\t\t\t\t\t<div class=\"elementor-container elementor-column-gap-default\">\n\t\t\t\t\t<div class=\"elementor-column elementor-col-100 elementor-top-column elementor-element elementor-element-daaf17c\" data-id=\"daaf17c\" data-element_type=\"column\">\n\t\t\t<div class=\"elementor-widget-wrap elementor-element-populated\">\n\t\t\t\t\t\t<div class=\"elementor-element elementor-element-499b387 elementor-widget elementor-widget-text-editor\" data-id=\"499b387\" data-element_type=\"widget\" data-widget_type=\"text-editor.default\">\n\t\t\t\t<div class=\"elementor-widget-container\">\n\t\t\t\t\t\t\t\t\t<p><strong>Impressum<\/strong><\/p>\n<p>Willkommen auf der Website von smart PM.solutions.<\/p>\n<p>Bitte lesen Sie die folgenden Bedingungen bez\u00fcglich der Nutzung der Website. Indem Sie auf Informationen, Dokumente, Software und Produkte von der Website zugreifen, sie herunterladen oder verwenden, erkl\u00e4ren Sie sich mit den folgenden Bedingungen einverstanden. Wenn Sie nicht beabsichtigen, an diese Nutzungsbedingungen gebunden zu sein, verwenden Sie die Website bitte nicht.  <\/p>\n<p><strong>Rechtlicher Hinweis<\/strong><\/p>\n<p>Die auf dieser Website erscheinenden Informationen dienen Ihrer allgemeinen Orientierung. Es soll Ihnen keine Rechtsberatung bieten und kann ohne Vorank\u00fcndigung ge\u00e4ndert werden. Bitte konsultieren Sie Ihren eigenen Rechtsberater, bevor Sie Ma\u00dfnahmen ergreifen, die auf Informationen basieren, die auf dieser Website oder einer Website, mit der sie m\u00f6glicherweise verlinkt ist, erscheinen. Sowohl das Design als auch das Layout dieser Website sind urheberrechtlich gesch\u00fctztes Eigentum von smart PM.solutions, kopieren Sie es bitte ebenfalls nicht.   <\/p>\n<p><strong>Haftungsausschluss<\/strong><\/p>\n<p>Die auf dieser Website zur Verf\u00fcgung gestellten Informationen, Dokumente und Software werden \u201ewie besehen\u201c ohne ausdr\u00fcckliche oder stillschweigende Gew\u00e4hrleistungen oder Bedingungen jeglicher Art bereitgestellt, unabh\u00e4ngig davon, ob sie sich aus Gesetz, Gebrauch oder Handel ergeben.<\/p>\n<p><strong>Auf dieser Website verf\u00fcgbare Dokumente<\/strong><\/p>\n<p>Sie d\u00fcrfen die auf dieser Website zur Verf\u00fcgung gestellten Dokumente unter folgenden Bedingungen verwenden und kopieren:<\/p>\n<p>Jede Kopie des Dokuments muss den Urheberrechtshinweis enthalten, der dem Dokument beiliegt. Sie k\u00f6nnen das Dokument nicht \u00e4ndern. Sie d\u00fcrfen das Dokument nur f\u00fcr Ihren pers\u00f6nlichen, nicht kommerziellen Gebrauch verwenden.  <\/p>\n<p><strong>Links zu Websites Dritter<\/strong><\/p>\n<p>Diese Website kann Hyperlinks enthalten, die Sie von der Website von smart PM.solutions wegf\u00fchren und Sie mit Websites Dritter verbinden. smart PM.solutions stellt Ihnen diese Hyperlinks nur gef\u00e4lligkeitshalber zur Verf\u00fcgung. Die Aufnahme eines Hyperlinks bedeutet nicht, dass smart PM.solutions die Website billigt. Diese Seiten stehen nicht unter der Kontrolle von Board International und der Zugriff auf sie erfolgt auf eigenes Risiko.   <\/p>\n<p><strong>Google Analytics<\/strong><\/p>\n<p>Diese Website benutzt Google Analytics, einen Webanalysedienst der Google Inc. (\u201eGoogle\u201c). Google Analytics verwendet \u201eCookies\u201c, Textdateien, die auf Ihrem Computer abgelegt werden, um die Website bei der Analyse der Nutzung der Website durch Benutzer zu unterst\u00fctzen. Die durch den Cookie erzeugten Informationen \u00fcber Ihre Benutzung der Website (einschlie\u00dflich Ihrer IP-Adresse) werden an einen Server von Google in den USA \u00fcbertragen und dort gespeichert. Google wird diese Informationen benutzen, um Ihre Nutzung der Website auszuwerten, Berichte \u00fcber die Websiteaktivit\u00e4ten f\u00fcr die Websitebetreiber zusammenzustellen und andere mit der Websitenutzung und der Internetnutzung verbundene Dienstleistungen zu erbringen. Auch wird Google diese Informationen gegebenenfalls an Dritte \u00fcbertragen, sofern dies gesetzlich vorgeschrieben oder soweit Dritte diese Daten im Auftrag von Google verarbeiten. Google wird Ihre IP-Adresse nicht mit anderen Daten von Google in Verbindung bringen. Sie k\u00f6nnen die Verwendung von Cookies ablehnen, indem Sie die entsprechenden Einstellungen in Ihrem Browser ausw\u00e4hlen. Bitte beachten Sie jedoch, dass Sie in diesem Fall m\u00f6glicherweise nicht alle Funktionen dieser Website nutzen k\u00f6nnen. Durch die Nutzung dieser Website stimmen Sie der Verarbeitung von Daten \u00fcber Sie durch Google in der oben beschriebenen Weise und zu den oben beschriebenen Zwecken zu.       <\/p>\n\t\t\t\t\t\t\t\t<\/div>\n\t\t\t\t<\/div>\n\t\t\t\t\t<\/div>\n\t\t<\/div>\n\t\t\t\t\t<\/div>\n\t\t<\/section>\n\t\t\t\t<section class=\"elementor-section elementor-top-section elementor-element elementor-element-74fd481 elementor-section-boxed elementor-section-height-default elementor-section-height-default\" data-id=\"74fd481\" data-element_type=\"section\">\n\t\t\t\t\t\t<div class=\"elementor-container elementor-column-gap-default\">\n\t\t\t\t\t<div class=\"elementor-column elementor-col-100 elementor-top-column elementor-element elementor-element-e247a31\" data-id=\"e247a31\" data-element_type=\"column\">\n\t\t\t<div class=\"elementor-widget-wrap elementor-element-populated\">\n\t\t\t\t\t\t<div class=\"elementor-element elementor-element-611a658 elementor-widget elementor-widget-spacer\" data-id=\"611a658\" data-element_type=\"widget\" data-widget_type=\"spacer.default\">\n\t\t\t\t<div class=\"elementor-widget-container\">\n\t\t\t\t\t\t\t<div class=\"elementor-spacer\">\n\t\t\t<div class=\"elementor-spacer-inner\"><\/div>\n\t\t<\/div>\n\t\t\t\t\t\t<\/div>\n\t\t\t\t<\/div>\n\t\t\t\t\t<\/div>\n\t\t<\/div>\n\t\t\t\t\t<\/div>\n\t\t<\/section>\n\t\t\t\t<\/div>\n\t\t","protected":false},"excerpt":{"rendered":"<p>Nutzungsbedingungen Impressum Willkommen auf der Website von smart PM.solutions. Bitte lesen Sie die folgenden Bedingungen bez\u00fcglich der Nutzung der Website. Indem Sie auf Informationen, Dokumente, Software und Produkte von der Website zugreifen, sie herunterladen oder verwenden, erkl\u00e4ren Sie sich mit den folgenden Bedingungen einverstanden. Wenn Sie nicht beabsichtigen, an diese Nutzungsbedingungen gebunden zu sein, verwenden [&hellip;]<\/p>\n","protected":false},"author":2,"featured_media":0,"parent":0,"menu_order":0,"comment_status":"closed","ping_status":"closed","template":"","meta":{"content-type":"","site-sidebar-layout":"no-sidebar","site-content-layout":"page-builder","ast-site-content-layout":"default","site-content-style":"default","site-sidebar-style":"default","ast-global-header-display":"","ast-banner-title-visibility":"","ast-main-header-display":"","ast-hfb-above-header-display":"","ast-hfb-below-header-display":"","ast-hfb-mobile-header-display":"","site-post-title":"disabled","ast-breadcrumbs-content":"","ast-featured-img":"disabled","footer-sml-layout":"","theme-transparent-header-meta":"default","adv-header-id-meta":"","stick-header-meta":"","header-above-stick-meta":"","header-main-stick-meta":"","header-below-stick-meta":"","astra-migrate-meta-layouts":"default","ast-page-background-enabled":"default","ast-page-background-meta":{"desktop":{"background-color":"","background-image":"","background-repeat":"repeat","background-position":"center center","background-size":"auto","background-attachment":"scroll","background-type":"","background-media":"","overlay-type":"","overlay-color":"","overlay-opacity":"","overlay-gradient":""},"tablet":{"background-color":"","background-image":"","background-repeat":"repeat","background-position":"center center","background-size":"auto","background-attachment":"scroll","background-type":"","background-media":"","overlay-type":"","overlay-color":"","overlay-opacity":"","overlay-gradient":""},"mobile":{"background-color":"","background-image":"","background-repeat":"repeat","background-position":"center center","background-size":"auto","background-attachment":"scroll","background-type":"","background-media":"","overlay-type":"","overlay-color":"","overlay-opacity":"","overlay-gradient":""}},"ast-content-background-meta":{"desktop":{"background-color":"var(--ast-global-color-5)","background-image":"","background-repeat":"repeat","background-position":"center center","background-size":"auto","background-attachment":"scroll","background-type":"","background-media":"","overlay-type":"","overlay-color":"","overlay-opacity":"","overlay-gradient":""},"tablet":{"background-color":"var(--ast-global-color-5)","background-image":"","background-repeat":"repeat","background-position":"center center","background-size":"auto","background-attachment":"scroll","background-type":"","background-media":"","overlay-type":"","overlay-color":"","overlay-opacity":"","overlay-gradient":""},"mobile":{"background-color":"var(--ast-global-color-5)","background-image":"","background-repeat":"repeat","background-position":"center center","background-size":"auto","background-attachment":"scroll","background-type":"","background-media":"","overlay-type":"","overlay-color":"","overlay-opacity":"","overlay-gradient":""}},"footnotes":""},"class_list":["post-23132","page","type-page","status-publish","hentry"],"jetpack_sharing_enabled":true,"_links":{"self":[{"href":"https:\/\/websiterelaunch.smartpm.solutions\/de\/wp-json\/wp\/v2\/pages\/23132","targetHints":{"allow":["GET"]}}],"collection":[{"href":"https:\/\/websiterelaunch.smartpm.solutions\/de\/wp-json\/wp\/v2\/pages"}],"about":[{"href":"https:\/\/websiterelaunch.smartpm.solutions\/de\/wp-json\/wp\/v2\/types\/page"}],"author":[{"embeddable":true,"href":"https:\/\/websiterelaunch.smartpm.solutions\/de\/wp-json\/wp\/v2\/users\/2"}],"replies":[{"embeddable":true,"href":"https:\/\/websiterelaunch.smartpm.solutions\/de\/wp-json\/wp\/v2\/comments?post=23132"}],"version-history":[{"count":3,"href":"https:\/\/websiterelaunch.smartpm.solutions\/de\/wp-json\/wp\/v2\/pages\/23132\/revisions"}],"predecessor-version":[{"id":31888,"href":"https:\/\/websiterelaunch.smartpm.solutions\/de\/wp-json\/wp\/v2\/pages\/23132\/revisions\/31888"}],"wp:attachment":[{"href":"https:\/\/websiterelaunch.smartpm.solutions\/de\/wp-json\/wp\/v2\/media?parent=23132"}],"curies":[{"name":"wp","href":"https:\/\/api.w.org\/{rel}","templated":true}]}}