{"id":23106,"date":"2022-04-04T18:22:43","date_gmt":"2022-04-04T16:22:43","guid":{"rendered":"https:\/\/websiterelaunch.smartpm.solutions\/home\/ueber-uns\/newsletter\/"},"modified":"2022-12-15T10:42:57","modified_gmt":"2022-12-15T09:42:57","slug":"newsletter","status":"publish","type":"page","link":"https:\/\/websiterelaunch.smartpm.solutions\/de\/newsletter\/","title":{"rendered":"smart Newsletter"},"content":{"rendered":"\t\t<div data-elementor-type=\"wp-post\" data-elementor-id=\"23106\" class=\"elementor elementor-23106 elementor-17633\" data-elementor-post-type=\"page\">\n\t\t\t\t\t\t<section class=\"elementor-section elementor-top-section elementor-element elementor-element-b068ee8 elementor-section-boxed elementor-section-height-default elementor-section-height-default\" data-id=\"b068ee8\" data-element_type=\"section\">\n\t\t\t\t\t\t<div class=\"elementor-container elementor-column-gap-default\">\n\t\t\t\t\t<div class=\"elementor-column elementor-col-100 elementor-top-column elementor-element elementor-element-3f8a28c\" data-id=\"3f8a28c\" data-element_type=\"column\">\n\t\t\t<div class=\"elementor-widget-wrap elementor-element-populated\">\n\t\t\t\t\t\t<div class=\"elementor-element elementor-element-b53db3d elementor--h-position-center elementor--v-position-middle elementor-arrows-position-inside elementor-pagination-position-inside elementor-widget elementor-widget-slides\" data-id=\"b53db3d\" data-element_type=\"widget\" data-settings=\"{&quot;navigation&quot;:&quot;both&quot;,&quot;autoplay&quot;:&quot;yes&quot;,&quot;pause_on_hover&quot;:&quot;yes&quot;,&quot;pause_on_interaction&quot;:&quot;yes&quot;,&quot;autoplay_speed&quot;:5000,&quot;infinite&quot;:&quot;yes&quot;,&quot;transition&quot;:&quot;slide&quot;,&quot;transition_speed&quot;:500}\" data-widget_type=\"slides.default\">\n\t\t\t\t<div class=\"elementor-widget-container\">\n\t\t\t\t\t\t\t\t\t<div class=\"elementor-swiper\">\n\t\t\t\t\t<div class=\"elementor-slides-wrapper elementor-main-swiper swiper\" role=\"region\" aria-roledescription=\"carousel\" aria-label=\"Slider\" dir=\"ltr\" data-animation=\"\">\n\t\t\t\t<div class=\"swiper-wrapper elementor-slides\">\n\t\t\t\t\t\t\t\t\t\t<div class=\"elementor-repeater-item-15ef2fd swiper-slide\" role=\"group\" aria-roledescription=\"slide\"><div class=\"swiper-slide-bg\" role=\"img\" aria-label=\"Asian Woman with Tablet\"><\/div><div class=\"swiper-slide-inner\" ><div class=\"swiper-slide-contents\"><div class=\"elementor-slide-heading\">News von Controllern f\u00fcr Controller<\/div><div class=\"elementor-slide-description\">F\u00fcr den smarten Newsletter anmelden<\/div><\/div><\/div><\/div>\t\t\t\t<\/div>\n\t\t\t\t\t\t\t<\/div>\n\t\t\t\t<\/div>\n\t\t\t\t\t\t\t\t<\/div>\n\t\t\t\t<\/div>\n\t\t\t\t\t<\/div>\n\t\t<\/div>\n\t\t\t\t\t<\/div>\n\t\t<\/section>\n\t\t\t\t<section class=\"elementor-section elementor-top-section elementor-element elementor-element-3c22670 elementor-section-boxed elementor-section-height-default elementor-section-height-default\" data-id=\"3c22670\" data-element_type=\"section\">\n\t\t\t\t\t\t<div class=\"elementor-container elementor-column-gap-default\">\n\t\t\t\t\t<div class=\"elementor-column elementor-col-50 elementor-top-column elementor-element elementor-element-d3608d5\" data-id=\"d3608d5\" data-element_type=\"column\">\n\t\t\t<div class=\"elementor-widget-wrap elementor-element-populated\">\n\t\t\t\t\t\t<div class=\"elementor-element elementor-element-1995012 elementor-widget elementor-widget-text-editor\" data-id=\"1995012\" data-element_type=\"widget\" data-widget_type=\"text-editor.default\">\n\t\t\t\t<div class=\"elementor-widget-container\">\n\t\t\t\t\t\t\t\t\t<!--[if lte IE 8]>\n<script charset=\"utf-8\" type=\"text\/javascript\" src=\"\/\/js.hsforms.net\/forms\/v2-legacy.js\"><\/script>\n<![endif]-->\n<script charset=\"utf-8\" type=\"text\/javascript\" src=\"\/\/js.hsforms.net\/forms\/v2.js\"><\/script>\n<script>\n  hbspt.forms.create({\n\tregion: \"na1\",\n\tportalId: \"6878175\",\n\tformId: \"a856f529-c07a-4f59-b076-04b048f0c35a\"\n});\n<\/script>\t\t\t\t\t\t\t\t<\/div>\n\t\t\t\t<\/div>\n\t\t\t\t\t<\/div>\n\t\t<\/div>\n\t\t\t\t<div class=\"elementor-column elementor-col-50 elementor-top-column elementor-element elementor-element-d56151a\" data-id=\"d56151a\" data-element_type=\"column\" data-settings=\"{&quot;background_background&quot;:&quot;classic&quot;}\">\n\t\t\t<div class=\"elementor-widget-wrap elementor-element-populated\">\n\t\t\t\t\t\t<div class=\"elementor-element elementor-element-50d675d elementor-widget elementor-widget-heading\" data-id=\"50d675d\" data-element_type=\"widget\" data-widget_type=\"heading.default\">\n\t\t\t\t<div class=\"elementor-widget-container\">\n\t\t\t\t\t<h1 class=\"elementor-heading-title elementor-size-xl\">Newsletter Anmeldung<\/h1>\t\t\t\t<\/div>\n\t\t\t\t<\/div>\n\t\t\t\t<div class=\"elementor-element elementor-element-602fb1d elementor-widget elementor-widget-text-editor\" data-id=\"602fb1d\" data-element_type=\"widget\" data-widget_type=\"text-editor.default\">\n\t\t\t\t<div class=\"elementor-widget-container\">\n\t\t\t\t\t\t\t\t\t<p>Wissenstransfer von Controllern f\u00fcr Controller:<\/p><ul><li>Erfahren Sie mehr \u00fcber die Umsetzung der digitalen Transformation im Controlling und der Unternehmensf\u00fchrung<\/li><li>Sehen Sie Praxisanwendungen und informieren Sie sich \u00fcber die neuesten Technologieentwicklungen<\/li><li>Profitieren Sie von Controlling-Experten und deren Tipps &amp; Tricks<\/li><li style=\"list-style-type: none;\">\u00a0<\/li><\/ul><p><strong>F\u00fcllen Sie einfach das Formular aus und erhalten Sie den smarten Newsletter im 2-Monats Rythmus.<\/strong><\/p><p>Wenn Sie noch Fragen haben, melden Sie sich gerne per mail unter: <a href=\"mailto:info@smartpm.solutions\">info@smartpm.solutions<\/a><\/p>\t\t\t\t\t\t\t\t<\/div>\n\t\t\t\t<\/div>\n\t\t\t\t<div class=\"elementor-element elementor-element-f18fb54 elementor-widget elementor-widget-spacer\" data-id=\"f18fb54\" data-element_type=\"widget\" data-widget_type=\"spacer.default\">\n\t\t\t\t<div class=\"elementor-widget-container\">\n\t\t\t\t\t\t\t<div class=\"elementor-spacer\">\n\t\t\t<div class=\"elementor-spacer-inner\"><\/div>\n\t\t<\/div>\n\t\t\t\t\t\t<\/div>\n\t\t\t\t<\/div>\n\t\t\t\t<div class=\"elementor-element elementor-element-e492af4 elementor-widget elementor-widget-heading\" data-id=\"e492af4\" data-element_type=\"widget\" data-widget_type=\"heading.default\">\n\t\t\t\t<div class=\"elementor-widget-container\">\n\t\t\t\t\t<h4 class=\"elementor-heading-title elementor-size-large\"><a href=\"https:\/\/mail.smartpm.solutions\/controlling-news-22-1\" target=\"_blank\">Sie wollen sich einen Eindruck vom smarten Newsletter machen? Hier ist ein Beispielnewsletter &gt;&gt;<br><\/a><\/h4>\t\t\t\t<\/div>\n\t\t\t\t<\/div>\n\t\t\t\t\t<\/div>\n\t\t<\/div>\n\t\t\t\t\t<\/div>\n\t\t<\/section>\n\t\t\t\t<\/div>\n\t\t","protected":false},"excerpt":{"rendered":"<p>News von Controllern f\u00fcr ControllerF\u00fcr den smarten Newsletter anmelden Newsletter Anmeldung Wissenstransfer von Controllern f\u00fcr Controller: Erfahren Sie mehr \u00fcber die Umsetzung der digitalen Transformation im Controlling und der Unternehmensf\u00fchrung Sehen Sie Praxisanwendungen und informieren Sie sich \u00fcber die neuesten Technologieentwicklungen Profitieren Sie von Controlling-Experten und deren Tipps &amp; Tricks \u00a0 F\u00fcllen Sie einfach das [&hellip;]<\/p>\n","protected":false},"author":2,"featured_media":22413,"parent":0,"menu_order":0,"comment_status":"closed","ping_status":"closed","template":"","meta":{"content-type":"","site-sidebar-layout":"no-sidebar","site-content-layout":"page-builder","ast-site-content-layout":"default","site-content-style":"default","site-sidebar-style":"default","ast-global-header-display":"","ast-banner-title-visibility":"","ast-main-header-display":"","ast-hfb-above-header-display":"","ast-hfb-below-header-display":"","ast-hfb-mobile-header-display":"","site-post-title":"disabled","ast-breadcrumbs-content":"","ast-featured-img":"disabled","footer-sml-layout":"","theme-transparent-header-meta":"default","adv-header-id-meta":"","stick-header-meta":"","header-above-stick-meta":"","header-main-stick-meta":"","header-below-stick-meta":"","astra-migrate-meta-layouts":"default","ast-page-background-enabled":"default","ast-page-background-meta":{"desktop":{"background-color":"","background-image":"","background-repeat":"repeat","background-position":"center center","background-size":"auto","background-attachment":"scroll","background-type":"","background-media":"","overlay-type":"","overlay-color":"","overlay-opacity":"","overlay-gradient":""},"tablet":{"background-color":"","background-image":"","background-repeat":"repeat","background-position":"center center","background-size":"auto","background-attachment":"scroll","background-type":"","background-media":"","overlay-type":"","overlay-color":"","overlay-opacity":"","overlay-gradient":""},"mobile":{"background-color":"","background-image":"","background-repeat":"repeat","background-position":"center center","background-size":"auto","background-attachment":"scroll","background-type":"","background-media":"","overlay-type":"","overlay-color":"","overlay-opacity":"","overlay-gradient":""}},"ast-content-background-meta":{"desktop":{"background-color":"var(--ast-global-color-5)","background-image":"","background-repeat":"repeat","background-position":"center center","background-size":"auto","background-attachment":"scroll","background-type":"","background-media":"","overlay-type":"","overlay-color":"","overlay-opacity":"","overlay-gradient":""},"tablet":{"background-color":"var(--ast-global-color-5)","background-image":"","background-repeat":"repeat","background-position":"center center","background-size":"auto","background-attachment":"scroll","background-type":"","background-media":"","overlay-type":"","overlay-color":"","overlay-opacity":"","overlay-gradient":""},"mobile":{"background-color":"var(--ast-global-color-5)","background-image":"","background-repeat":"repeat","background-position":"center center","background-size":"auto","background-attachment":"scroll","background-type":"","background-media":"","overlay-type":"","overlay-color":"","overlay-opacity":"","overlay-gradient":""}},"footnotes":""},"class_list":["post-23106","page","type-page","status-publish","has-post-thumbnail","hentry"],"jetpack_sharing_enabled":true,"_links":{"self":[{"href":"https:\/\/websiterelaunch.smartpm.solutions\/de\/wp-json\/wp\/v2\/pages\/23106","targetHints":{"allow":["GET"]}}],"collection":[{"href":"https:\/\/websiterelaunch.smartpm.solutions\/de\/wp-json\/wp\/v2\/pages"}],"about":[{"href":"https:\/\/websiterelaunch.smartpm.solutions\/de\/wp-json\/wp\/v2\/types\/page"}],"author":[{"embeddable":true,"href":"https:\/\/websiterelaunch.smartpm.solutions\/de\/wp-json\/wp\/v2\/users\/2"}],"replies":[{"embeddable":true,"href":"https:\/\/websiterelaunch.smartpm.solutions\/de\/wp-json\/wp\/v2\/comments?post=23106"}],"version-history":[{"count":1,"href":"https:\/\/websiterelaunch.smartpm.solutions\/de\/wp-json\/wp\/v2\/pages\/23106\/revisions"}],"predecessor-version":[{"id":31785,"href":"https:\/\/websiterelaunch.smartpm.solutions\/de\/wp-json\/wp\/v2\/pages\/23106\/revisions\/31785"}],"wp:featuredmedia":[{"embeddable":true,"href":"https:\/\/websiterelaunch.smartpm.solutions\/de\/wp-json\/wp\/v2\/media\/22413"}],"wp:attachment":[{"href":"https:\/\/websiterelaunch.smartpm.solutions\/de\/wp-json\/wp\/v2\/media?parent=23106"}],"curies":[{"name":"wp","href":"https:\/\/api.w.org\/{rel}","templated":true}]}}